{"id":100,"date":"2025-10-08T18:51:27","date_gmt":"2025-10-08T18:51:27","guid":{"rendered":"https:\/\/arrancayopina.eu\/?page_id=100"},"modified":"2025-10-09T09:55:58","modified_gmt":"2025-10-09T09:55:58","slug":"sobre-nosotros-2","status":"publish","type":"page","link":"https:\/\/arrancayopina.eu\/index.php\/sobre-nosotros-2\/","title":{"rendered":"Sobre nosotros"},"content":{"rendered":"\n<div class=\"wp-block-columns is-layout-flex wp-container-core-columns-is-layout-28f84493 wp-block-columns-is-layout-flex\">\n<div class=\"wp-block-column is-layout-flow wp-block-column-is-layout-flow\" style=\"flex-basis:100%\">\n<figure class=\"wp-block-image size-full is-resized\"><img loading=\"lazy\" decoding=\"async\" width=\"1024\" height=\"1024\" src=\"https:\/\/arrancayopina.eu\/wp-content\/uploads\/2025\/10\/ChatGPT-Image-30-sept-2025-23_45_28-5.png\" alt=\"\" class=\"wp-image-92\" style=\"width:83px;height:auto\" srcset=\"https:\/\/arrancayopina.eu\/wp-content\/uploads\/2025\/10\/ChatGPT-Image-30-sept-2025-23_45_28-5.png 1024w, https:\/\/arrancayopina.eu\/wp-content\/uploads\/2025\/10\/ChatGPT-Image-30-sept-2025-23_45_28-5-300x300.png 300w, https:\/\/arrancayopina.eu\/wp-content\/uploads\/2025\/10\/ChatGPT-Image-30-sept-2025-23_45_28-5-150x150.png 150w, https:\/\/arrancayopina.eu\/wp-content\/uploads\/2025\/10\/ChatGPT-Image-30-sept-2025-23_45_28-5-768x768.png 768w\" sizes=\"auto, (max-width: 1024px) 100vw, 1024px\" \/><\/figure>\n<\/div>\n<\/div>\n\n\n\n<p>Bienvenido a <strong>Arranca y Opina<\/strong>, un espacio creado por un aut\u00e9ntico amante de los coches. Aqu\u00ed encontrar\u00e1s <strong>opiniones frescas sobre la actualidad automovil\u00edstica<\/strong>, reflexiones personales y respuestas claras a esas preguntas t\u00edpicas que todos los conductores \u2014novatos o expertos\u2014 nos hacemos alguna vez. \u00bf Qu\u00e9 informaci\u00f3n proporcionan las cookies sobre mi pagina web?<\/p>\n\n\n\n<p>Este blog no pretende ser un manual fr\u00edo ni un portal lleno de tecnicismos, sino un rinc\u00f3n cercano donde compartir mi pasi\u00f3n por el motor. Porque conducir no es solo girar una llave y acelerar: es sentir, cuestionar y aprender cada d\u00eda algo nuevo sobre ese mundo fascinante que son los coches.<\/p>\n\n\n\n<p>Aqu\u00ed habr\u00e1 lugar para todos: desde los que acaban de sacarse el carnet y quieren entender mejor la carretera, hasta los apasionados que disfrutan debatiendo sobre el futuro del autom\u00f3vil.<\/p>\n\n\n\n<p><strong>\u201cPrimero arranca\u2026 y luego opina.\u201d<\/strong><strong><br><\/strong>Un lema que resume la esencia de este blog: vivir la experiencia, reflexionar y compartirla con los dem\u00e1s.<\/p>\n\n\n\n<p>Prep\u00e1rate, porque este viaje no ha hecho m\u00e1s que empezar.<\/p>\n\n\n\n<p>Para m\u00e1s informaci\u00f3n ves a nuestro inicio <a href=\"https:\/\/arrancayopina.eu\/ \">https:\/\/arrancayopina.eu\/ <\/a><\/p>\n","protected":false},"excerpt":{"rendered":"<p>Bienvenido a Arranca y Opina, un espacio creado por un aut\u00e9ntico amante de los coches. Aqu\u00ed encontrar\u00e1s opiniones frescas sobre la actualidad automovil\u00edstica, reflexiones personales y respuestas claras a esas preguntas t\u00edpicas que todos los conductores \u2014novatos o expertos\u2014 nos hacemos alguna vez. \u00bf Qu\u00e9 informaci\u00f3n proporcionan las cookies sobre mi pagina web? Este blog [&hellip;]<\/p>\n","protected":false},"author":1,"featured_media":0,"parent":0,"menu_order":0,"comment_status":"closed","ping_status":"closed","template":"","meta":{"footnotes":""},"class_list":["post-100","page","type-page","status-publish","hentry"],"yoast_head":"<!-- This site is optimized with the Yoast SEO plugin v27.4 - https:\/\/yoast.com\/product\/yoast-seo-wordpress\/ -->\n<title>Sobre nosotros - WordPress<\/title>\n<meta name=\"robots\" content=\"index, follow, max-snippet:-1, max-image-preview:large, max-video-preview:-1\" \/>\n<link rel=\"canonical\" href=\"https:\/\/arrancayopina.eu\/index.php\/sobre-nosotros-2\/\" \/>\n<meta property=\"og:locale\" content=\"es_ES\" \/>\n<meta property=\"og:type\" content=\"article\" \/>\n<meta property=\"og:title\" content=\"Sobre nosotros - WordPress\" \/>\n<meta property=\"og:description\" content=\"Bienvenido a Arranca y Opina, un espacio creado por un aut\u00e9ntico amante de los coches. Aqu\u00ed encontrar\u00e1s opiniones frescas sobre la actualidad automovil\u00edstica, reflexiones personales y respuestas claras a esas preguntas t\u00edpicas que todos los conductores \u2014novatos o expertos\u2014 nos hacemos alguna vez. \u00bf Qu\u00e9 informaci\u00f3n proporcionan las cookies sobre mi pagina web? Este blog [&hellip;]\" \/>\n<meta property=\"og:url\" content=\"https:\/\/arrancayopina.eu\/index.php\/sobre-nosotros-2\/\" \/>\n<meta property=\"og:site_name\" content=\"WordPress\" \/>\n<meta property=\"article:modified_time\" content=\"2025-10-09T09:55:58+00:00\" \/>\n<meta property=\"og:image\" content=\"https:\/\/arrancayopina.eu\/wp-content\/uploads\/2025\/10\/ChatGPT-Image-30-sept-2025-23_45_28-5.png\" \/>\n<meta name=\"twitter:card\" content=\"summary_large_image\" \/>\n<meta name=\"twitter:label1\" content=\"Tiempo de lectura\" \/>\n\t<meta name=\"twitter:data1\" content=\"2 minutos\" \/>\n<script type=\"application\/ld+json\" class=\"yoast-schema-graph\">{\"@context\":\"https:\\\/\\\/schema.org\",\"@graph\":[{\"@type\":\"WebPage\",\"@id\":\"https:\\\/\\\/arrancayopina.eu\\\/index.php\\\/sobre-nosotros-2\\\/\",\"url\":\"https:\\\/\\\/arrancayopina.eu\\\/index.php\\\/sobre-nosotros-2\\\/\",\"name\":\"Sobre nosotros - WordPress\",\"isPartOf\":{\"@id\":\"http:\\\/\\\/arrancayopina.eu\\\/#website\"},\"primaryImageOfPage\":{\"@id\":\"https:\\\/\\\/arrancayopina.eu\\\/index.php\\\/sobre-nosotros-2\\\/#primaryimage\"},\"image\":{\"@id\":\"https:\\\/\\\/arrancayopina.eu\\\/index.php\\\/sobre-nosotros-2\\\/#primaryimage\"},\"thumbnailUrl\":\"https:\\\/\\\/arrancayopina.eu\\\/wp-content\\\/uploads\\\/2025\\\/10\\\/ChatGPT-Image-30-sept-2025-23_45_28-5.png\",\"datePublished\":\"2025-10-08T18:51:27+00:00\",\"dateModified\":\"2025-10-09T09:55:58+00:00\",\"breadcrumb\":{\"@id\":\"https:\\\/\\\/arrancayopina.eu\\\/index.php\\\/sobre-nosotros-2\\\/#breadcrumb\"},\"inLanguage\":\"es\",\"potentialAction\":[{\"@type\":\"ReadAction\",\"target\":[\"https:\\\/\\\/arrancayopina.eu\\\/index.php\\\/sobre-nosotros-2\\\/\"]}]},{\"@type\":\"ImageObject\",\"inLanguage\":\"es\",\"@id\":\"https:\\\/\\\/arrancayopina.eu\\\/index.php\\\/sobre-nosotros-2\\\/#primaryimage\",\"url\":\"https:\\\/\\\/arrancayopina.eu\\\/wp-content\\\/uploads\\\/2025\\\/10\\\/ChatGPT-Image-30-sept-2025-23_45_28-5.png\",\"contentUrl\":\"https:\\\/\\\/arrancayopina.eu\\\/wp-content\\\/uploads\\\/2025\\\/10\\\/ChatGPT-Image-30-sept-2025-23_45_28-5.png\",\"width\":1024,\"height\":1024},{\"@type\":\"BreadcrumbList\",\"@id\":\"https:\\\/\\\/arrancayopina.eu\\\/index.php\\\/sobre-nosotros-2\\\/#breadcrumb\",\"itemListElement\":[{\"@type\":\"ListItem\",\"position\":1,\"name\":\"Portada\",\"item\":\"http:\\\/\\\/arrancayopina.eu\\\/\"},{\"@type\":\"ListItem\",\"position\":2,\"name\":\"Sobre nosotros\"}]},{\"@type\":\"WebSite\",\"@id\":\"http:\\\/\\\/arrancayopina.eu\\\/#website\",\"url\":\"http:\\\/\\\/arrancayopina.eu\\\/\",\"name\":\"Arranca y opina\",\"description\":\"\",\"publisher\":{\"@id\":\"http:\\\/\\\/arrancayopina.eu\\\/#\\\/schema\\\/person\\\/c7464e09bfab9e4396611e0165f7fa86\"},\"potentialAction\":[{\"@type\":\"SearchAction\",\"target\":{\"@type\":\"EntryPoint\",\"urlTemplate\":\"http:\\\/\\\/arrancayopina.eu\\\/?s={search_term_string}\"},\"query-input\":{\"@type\":\"PropertyValueSpecification\",\"valueRequired\":true,\"valueName\":\"search_term_string\"}}],\"inLanguage\":\"es\"},{\"@type\":[\"Person\",\"Organization\"],\"@id\":\"http:\\\/\\\/arrancayopina.eu\\\/#\\\/schema\\\/person\\\/c7464e09bfab9e4396611e0165f7fa86\",\"name\":\"admin8135\",\"image\":{\"@type\":\"ImageObject\",\"inLanguage\":\"es\",\"@id\":\"https:\\\/\\\/arrancayopina.eu\\\/wp-content\\\/uploads\\\/2025\\\/10\\\/ChatGPT-Image-30-sept-2025-23_45_28.png\",\"url\":\"https:\\\/\\\/arrancayopina.eu\\\/wp-content\\\/uploads\\\/2025\\\/10\\\/ChatGPT-Image-30-sept-2025-23_45_28.png\",\"contentUrl\":\"https:\\\/\\\/arrancayopina.eu\\\/wp-content\\\/uploads\\\/2025\\\/10\\\/ChatGPT-Image-30-sept-2025-23_45_28.png\",\"width\":1024,\"height\":1024,\"caption\":\"admin8135\"},\"logo\":{\"@id\":\"https:\\\/\\\/arrancayopina.eu\\\/wp-content\\\/uploads\\\/2025\\\/10\\\/ChatGPT-Image-30-sept-2025-23_45_28.png\"},\"sameAs\":[\"http:\\\/\\\/arrancayopina.eu\"]}]}<\/script>\n<!-- \/ Yoast SEO plugin. -->","yoast_head_json":{"title":"Sobre nosotros - WordPress","robots":{"index":"index","follow":"follow","max-snippet":"max-snippet:-1","max-image-preview":"max-image-preview:large","max-video-preview":"max-video-preview:-1"},"canonical":"https:\/\/arrancayopina.eu\/index.php\/sobre-nosotros-2\/","og_locale":"es_ES","og_type":"article","og_title":"Sobre nosotros - WordPress","og_description":"Bienvenido a Arranca y Opina, un espacio creado por un aut\u00e9ntico amante de los coches. Aqu\u00ed encontrar\u00e1s opiniones frescas sobre la actualidad automovil\u00edstica, reflexiones personales y respuestas claras a esas preguntas t\u00edpicas que todos los conductores \u2014novatos o expertos\u2014 nos hacemos alguna vez. \u00bf Qu\u00e9 informaci\u00f3n proporcionan las cookies sobre mi pagina web? Este blog [&hellip;]","og_url":"https:\/\/arrancayopina.eu\/index.php\/sobre-nosotros-2\/","og_site_name":"WordPress","article_modified_time":"2025-10-09T09:55:58+00:00","og_image":[{"url":"https:\/\/arrancayopina.eu\/wp-content\/uploads\/2025\/10\/ChatGPT-Image-30-sept-2025-23_45_28-5.png","type":"","width":"","height":""}],"twitter_card":"summary_large_image","twitter_misc":{"Tiempo de lectura":"2 minutos"},"schema":{"@context":"https:\/\/schema.org","@graph":[{"@type":"WebPage","@id":"https:\/\/arrancayopina.eu\/index.php\/sobre-nosotros-2\/","url":"https:\/\/arrancayopina.eu\/index.php\/sobre-nosotros-2\/","name":"Sobre nosotros - WordPress","isPartOf":{"@id":"http:\/\/arrancayopina.eu\/#website"},"primaryImageOfPage":{"@id":"https:\/\/arrancayopina.eu\/index.php\/sobre-nosotros-2\/#primaryimage"},"image":{"@id":"https:\/\/arrancayopina.eu\/index.php\/sobre-nosotros-2\/#primaryimage"},"thumbnailUrl":"https:\/\/arrancayopina.eu\/wp-content\/uploads\/2025\/10\/ChatGPT-Image-30-sept-2025-23_45_28-5.png","datePublished":"2025-10-08T18:51:27+00:00","dateModified":"2025-10-09T09:55:58+00:00","breadcrumb":{"@id":"https:\/\/arrancayopina.eu\/index.php\/sobre-nosotros-2\/#breadcrumb"},"inLanguage":"es","potentialAction":[{"@type":"ReadAction","target":["https:\/\/arrancayopina.eu\/index.php\/sobre-nosotros-2\/"]}]},{"@type":"ImageObject","inLanguage":"es","@id":"https:\/\/arrancayopina.eu\/index.php\/sobre-nosotros-2\/#primaryimage","url":"https:\/\/arrancayopina.eu\/wp-content\/uploads\/2025\/10\/ChatGPT-Image-30-sept-2025-23_45_28-5.png","contentUrl":"https:\/\/arrancayopina.eu\/wp-content\/uploads\/2025\/10\/ChatGPT-Image-30-sept-2025-23_45_28-5.png","width":1024,"height":1024},{"@type":"BreadcrumbList","@id":"https:\/\/arrancayopina.eu\/index.php\/sobre-nosotros-2\/#breadcrumb","itemListElement":[{"@type":"ListItem","position":1,"name":"Portada","item":"http:\/\/arrancayopina.eu\/"},{"@type":"ListItem","position":2,"name":"Sobre nosotros"}]},{"@type":"WebSite","@id":"http:\/\/arrancayopina.eu\/#website","url":"http:\/\/arrancayopina.eu\/","name":"Arranca y opina","description":"","publisher":{"@id":"http:\/\/arrancayopina.eu\/#\/schema\/person\/c7464e09bfab9e4396611e0165f7fa86"},"potentialAction":[{"@type":"SearchAction","target":{"@type":"EntryPoint","urlTemplate":"http:\/\/arrancayopina.eu\/?s={search_term_string}"},"query-input":{"@type":"PropertyValueSpecification","valueRequired":true,"valueName":"search_term_string"}}],"inLanguage":"es"},{"@type":["Person","Organization"],"@id":"http:\/\/arrancayopina.eu\/#\/schema\/person\/c7464e09bfab9e4396611e0165f7fa86","name":"admin8135","image":{"@type":"ImageObject","inLanguage":"es","@id":"https:\/\/arrancayopina.eu\/wp-content\/uploads\/2025\/10\/ChatGPT-Image-30-sept-2025-23_45_28.png","url":"https:\/\/arrancayopina.eu\/wp-content\/uploads\/2025\/10\/ChatGPT-Image-30-sept-2025-23_45_28.png","contentUrl":"https:\/\/arrancayopina.eu\/wp-content\/uploads\/2025\/10\/ChatGPT-Image-30-sept-2025-23_45_28.png","width":1024,"height":1024,"caption":"admin8135"},"logo":{"@id":"https:\/\/arrancayopina.eu\/wp-content\/uploads\/2025\/10\/ChatGPT-Image-30-sept-2025-23_45_28.png"},"sameAs":["http:\/\/arrancayopina.eu"]}]}},"_links":{"self":[{"href":"https:\/\/arrancayopina.eu\/index.php\/wp-json\/wp\/v2\/pages\/100","targetHints":{"allow":["GET"]}}],"collection":[{"href":"https:\/\/arrancayopina.eu\/index.php\/wp-json\/wp\/v2\/pages"}],"about":[{"href":"https:\/\/arrancayopina.eu\/index.php\/wp-json\/wp\/v2\/types\/page"}],"author":[{"embeddable":true,"href":"https:\/\/arrancayopina.eu\/index.php\/wp-json\/wp\/v2\/users\/1"}],"replies":[{"embeddable":true,"href":"https:\/\/arrancayopina.eu\/index.php\/wp-json\/wp\/v2\/comments?post=100"}],"version-history":[{"count":1,"href":"https:\/\/arrancayopina.eu\/index.php\/wp-json\/wp\/v2\/pages\/100\/revisions"}],"predecessor-version":[{"id":101,"href":"https:\/\/arrancayopina.eu\/index.php\/wp-json\/wp\/v2\/pages\/100\/revisions\/101"}],"wp:attachment":[{"href":"https:\/\/arrancayopina.eu\/index.php\/wp-json\/wp\/v2\/media?parent=100"}],"curies":[{"name":"wp","href":"https:\/\/api.w.org\/{rel}","templated":true}]}}